    {"id":2863,"date":"2025-10-09T16:04:24","date_gmt":"2025-10-09T14:04:24","guid":{"rendered":"https:\/\/vsklausen.at\/neu\/?page_id=2863"},"modified":"2025-11-12T10:51:40","modified_gmt":"2025-11-12T09:51:40","slug":"der-elternverein","status":"publish","type":"page","link":"https:\/\/vsklausen.at\/neu\/index.php\/unsere-schule\/der-elternverein\/","title":{"rendered":"Der Elternverein"},"content":{"rendered":"<div class=\"wp-block-image\">\n<figure class=\"aligncenter size-full\"><img data-opt-id=190543626  fetchpriority=\"high\" decoding=\"async\" width=\"270\" height=\"189\" src=\"https:\/\/mltibhyawa8y.i.optimole.com\/cb:mquh.cde\/w:auto\/h:auto\/q:mauto\/f:best\/https:\/\/vsklausen.at\/neu\/wp-content\/uploads\/2025\/10\/elternverein_logo.jpg\" alt=\"\" class=\"wp-image-8281\" srcset=\"https:\/\/mltibhyawa8y.i.optimole.com\/cb:mquh.cde\/w:270\/h:189\/q:mauto\/f:best\/https:\/\/vsklausen.at\/neu\/wp-content\/uploads\/2025\/10\/elternverein_logo.jpg 270w, https:\/\/mltibhyawa8y.i.optimole.com\/cb:mquh.cde\/w:270\/h:189\/q:mauto\/f:best\/dpr:2\/https:\/\/vsklausen.at\/neu\/wp-content\/uploads\/2025\/10\/elternverein_logo.jpg 2x\" sizes=\"(max-width: 270px) 100vw, 270px\" \/><\/figure>\n<\/div>\n\n\n<p>Wir freuen uns f\u00fcr Ihre Kinder in diesem Schuljahr aktiv sein zu d\u00fcrfen. F\u00fcr Fragen und Unterst\u00fctzung stehen wir Ihnen jederzeit zur Verf\u00fcgung. Sie k\u00f6nnen mit dem Mitglied ihrer Wahl sehr gerne Kontakt aufnehmen.<\/p>\n\n\n\n<div class=\"wp-block-columns is-layout-flex wp-container-core-columns-is-layout-9d6595d7 wp-block-columns-is-layout-flex\">\n<div class=\"wp-block-column is-layout-flow wp-block-column-is-layout-flow\">\n<div class=\"wp-block-media-text is-stacked-on-mobile\"><figure class=\"wp-block-media-text__media\"><img data-opt-id=295659343  fetchpriority=\"high\" decoding=\"async\" width=\"644\" height=\"1024\" src=\"https:\/\/mltibhyawa8y.i.optimole.com\/cb:mquh.cde\/w:644\/h:1024\/q:mauto\/f:best\/https:\/\/vsklausen.at\/neu\/wp-content\/uploads\/2025\/10\/3402ab24-6ec5-47f8-ac9c-1f086612f7b1.jpg\" alt=\"\" class=\"wp-image-9291 size-full\" srcset=\"https:\/\/mltibhyawa8y.i.optimole.com\/cb:mquh.cde\/w:644\/h:1024\/q:mauto\/f:best\/https:\/\/vsklausen.at\/neu\/wp-content\/uploads\/2025\/10\/3402ab24-6ec5-47f8-ac9c-1f086612f7b1.jpg 644w, https:\/\/mltibhyawa8y.i.optimole.com\/cb:mquh.cde\/w:189\/h:300\/q:mauto\/f:best\/https:\/\/vsklausen.at\/neu\/wp-content\/uploads\/2025\/10\/3402ab24-6ec5-47f8-ac9c-1f086612f7b1.jpg 189w, https:\/\/mltibhyawa8y.i.optimole.com\/cb:mquh.cde\/w:768\/h:1220\/q:mauto\/f:best\/https:\/\/vsklausen.at\/neu\/wp-content\/uploads\/2025\/10\/3402ab24-6ec5-47f8-ac9c-1f086612f7b1.jpg 768w, https:\/\/mltibhyawa8y.i.optimole.com\/cb:mquh.cde\/w:967\/h:1536\/q:mauto\/f:best\/https:\/\/vsklausen.at\/neu\/wp-content\/uploads\/2025\/10\/3402ab24-6ec5-47f8-ac9c-1f086612f7b1.jpg 967w, https:\/\/mltibhyawa8y.i.optimole.com\/cb:mquh.cde\/w:1007\/h:1600\/q:mauto\/f:best\/https:\/\/vsklausen.at\/neu\/wp-content\/uploads\/2025\/10\/3402ab24-6ec5-47f8-ac9c-1f086612f7b1.jpg 1007w, https:\/\/mltibhyawa8y.i.optimole.com\/cb:mquh.cde\/w:1007\/h:1600\/q:mauto\/f:best\/dpr:2\/https:\/\/vsklausen.at\/neu\/wp-content\/uploads\/2025\/10\/3402ab24-6ec5-47f8-ac9c-1f086612f7b1.jpg 2x\" sizes=\"(max-width: 525px) 100vw, 525px\" \/><\/figure><div class=\"wp-block-media-text__content\">\n<p><strong>Obfrau<\/strong><br><br>Melanie Dorfinger<br>Tel.: 0677 62661066<br>E-Mail: <a href=\"mailto:snuccolino@gmail.com\">snuccolino@gmail.com<\/a><\/p>\n<\/div><\/div>\n<\/div>\n\n\n\n<div class=\"wp-block-column is-layout-flow wp-block-column-is-layout-flow\">\n<div class=\"wp-block-media-text is-stacked-on-mobile\"><figure class=\"wp-block-media-text__media\"><\/figure><div class=\"wp-block-media-text__content\">\n<p><strong>Stellvertretende Obfrau<\/strong><\/p>\n\n\n\n<p>Sandra Peter<br>Tel.: 0699 11222456<br>E-Mail: <a href=\"mailto:sandra1626@msn.com\">sandra1626@msn.com<\/a><\/p>\n<\/div><\/div>\n<\/div>\n<\/div>\n\n\n\n<div class=\"wp-block-columns is-layout-flex wp-container-core-columns-is-layout-9d6595d7 wp-block-columns-is-layout-flex\">\n<div class=\"wp-block-column is-layout-flow wp-block-column-is-layout-flow\">\n<div class=\"wp-block-media-text is-stacked-on-mobile\"><figure class=\"wp-block-media-text__media\"><img data-opt-id=234631157  decoding=\"async\" width=\"768\" height=\"1024\" src=\"https:\/\/mltibhyawa8y.i.optimole.com\/cb:mquh.cde\/w:768\/h:1024\/q:mauto\/f:best\/https:\/\/vsklausen.at\/neu\/wp-content\/uploads\/2025\/10\/Hoer.jpg\" alt=\"\" class=\"wp-image-8275 size-full\" srcset=\"https:\/\/mltibhyawa8y.i.optimole.com\/cb:mquh.cde\/w:768\/h:1024\/q:mauto\/f:best\/https:\/\/vsklausen.at\/neu\/wp-content\/uploads\/2025\/10\/Hoer.jpg 768w, https:\/\/mltibhyawa8y.i.optimole.com\/cb:mquh.cde\/w:225\/h:300\/q:mauto\/f:best\/https:\/\/vsklausen.at\/neu\/wp-content\/uploads\/2025\/10\/Hoer.jpg 225w, https:\/\/mltibhyawa8y.i.optimole.com\/cb:mquh.cde\/w:1152\/h:1536\/q:mauto\/f:best\/https:\/\/vsklausen.at\/neu\/wp-content\/uploads\/2025\/10\/Hoer.jpg 1152w, https:\/\/mltibhyawa8y.i.optimole.com\/cb:mquh.cde\/w:1200\/h:1600\/q:mauto\/f:best\/https:\/\/vsklausen.at\/neu\/wp-content\/uploads\/2025\/10\/Hoer.jpg 1200w, https:\/\/mltibhyawa8y.i.optimole.com\/cb:mquh.cde\/w:1200\/h:1600\/q:mauto\/f:best\/dpr:2\/https:\/\/vsklausen.at\/neu\/wp-content\/uploads\/2025\/10\/Hoer.jpg 2x\" sizes=\"(max-width: 525px) 100vw, 525px\" \/><\/figure><div class=\"wp-block-media-text__content\">\n<p><strong>Kassierin<\/strong><\/p>\n\n\n\n<p>Cornelia H\u00f6r<br>Tel.: 0664 1233978<br>E-Mail: <a href=\"mailto:karin.griesmayr@aon.at\">cornelia.kaiblinger@gmx.at<\/a><\/p>\n<\/div><\/div>\n<\/div>\n\n\n\n<div class=\"wp-block-column is-layout-flow wp-block-column-is-layout-flow\">\n<div class=\"wp-block-media-text is-stacked-on-mobile\"><figure class=\"wp-block-media-text__media\"><img data-opt-id=922486353  decoding=\"async\" width=\"150\" height=\"200\" src=\"https:\/\/mltibhyawa8y.i.optimole.com\/cb:mquh.cde\/w:auto\/h:auto\/q:mauto\/f:best\/https:\/\/vsklausen.at\/neu\/wp-content\/uploads\/2025\/10\/WhatsApp-Image-2025-09-23-at-22.30.17-e1758703281925.jpeg\" alt=\"\" class=\"wp-image-9260 size-full\" srcset=\"https:\/\/mltibhyawa8y.i.optimole.com\/cb:mquh.cde\/w:150\/h:200\/q:mauto\/f:best\/https:\/\/vsklausen.at\/neu\/wp-content\/uploads\/2025\/10\/WhatsApp-Image-2025-09-23-at-22.30.17-e1758703281925.jpeg 150w, https:\/\/mltibhyawa8y.i.optimole.com\/cb:mquh.cde\/w:150\/h:200\/q:mauto\/f:best\/dpr:2\/https:\/\/vsklausen.at\/neu\/wp-content\/uploads\/2025\/10\/WhatsApp-Image-2025-09-23-at-22.30.17-e1758703281925.jpeg 2x\" sizes=\"(max-width: 150px) 100vw, 150px\" \/><\/figure><div class=\"wp-block-media-text__content\">\n<p>S<strong>tellvertretende Kassierin<\/strong><\/p>\n\n\n\n<p>Eveline Spenlinger<br>Tel.: 0680\/3232499<br>E-Mail: <a href=\"mailto:karin.griesmayr@aon.at\">eveline.spenlinger@gmx.at<\/a><\/p>\n<\/div><\/div>\n<\/div>\n<\/div>\n\n\n\n<div class=\"wp-block-columns is-layout-flex wp-container-core-columns-is-layout-9d6595d7 wp-block-columns-is-layout-flex\">\n<div class=\"wp-block-column is-layout-flow wp-block-column-is-layout-flow\">\n<div class=\"wp-block-media-text is-stacked-on-mobile\"><figure class=\"wp-block-media-text__media\"><img data-opt-id=658804517  decoding=\"async\" width=\"150\" height=\"213\" src=\"https:\/\/mltibhyawa8y.i.optimole.com\/cb:mquh.cde\/w:auto\/h:auto\/q:mauto\/f:best\/https:\/\/vsklausen.at\/neu\/wp-content\/uploads\/2025\/10\/WhatsApp-Image-2025-09-23-at-22.29.55.jpg\" alt=\"\" class=\"wp-image-9262 size-full\" srcset=\"https:\/\/mltibhyawa8y.i.optimole.com\/cb:mquh.cde\/w:150\/h:213\/q:mauto\/f:best\/https:\/\/vsklausen.at\/neu\/wp-content\/uploads\/2025\/10\/WhatsApp-Image-2025-09-23-at-22.29.55.jpg 150w, https:\/\/mltibhyawa8y.i.optimole.com\/cb:mquh.cde\/w:150\/h:213\/q:mauto\/f:best\/dpr:2\/https:\/\/vsklausen.at\/neu\/wp-content\/uploads\/2025\/10\/WhatsApp-Image-2025-09-23-at-22.29.55.jpg 2x\" sizes=\"(max-width: 150px) 100vw, 150px\" \/><\/figure><div class=\"wp-block-media-text__content\">\n<p><strong>Schriftf\u00fchrerin<\/strong><\/p>\n\n\n\n<p>Sigrun Alvarez Milliatureo<br>Tel.: 0650\/7514363<br>E-Mail: <a href=\"mailto:sandra1626@msn.com\" target=\"_blank\" rel=\"noreferrer noopener\">sigi777@gmx.at<\/a><\/p>\n<\/div><\/div>\n<\/div>\n\n\n\n<div class=\"wp-block-column is-layout-flow wp-block-column-is-layout-flow\">\n<div class=\"wp-block-media-text is-stacked-on-mobile\"><figure class=\"wp-block-media-text__media\"><img data-opt-id=89469668  decoding=\"async\" width=\"672\" height=\"938\" src=\"https:\/\/mltibhyawa8y.i.optimole.com\/cb:mquh.cde\/w:auto\/h:auto\/q:mauto\/f:best\/https:\/\/vsklausen.at\/neu\/wp-content\/uploads\/2025\/10\/Jaqueline-Hanisch.jpg\" alt=\"\" class=\"wp-image-8276 size-full\" srcset=\"https:\/\/mltibhyawa8y.i.optimole.com\/cb:mquh.cde\/w:672\/h:938\/q:mauto\/f:best\/https:\/\/vsklausen.at\/neu\/wp-content\/uploads\/2025\/10\/Jaqueline-Hanisch.jpg 672w, https:\/\/mltibhyawa8y.i.optimole.com\/cb:mquh.cde\/w:215\/h:300\/q:mauto\/f:best\/https:\/\/vsklausen.at\/neu\/wp-content\/uploads\/2025\/10\/Jaqueline-Hanisch.jpg 215w, https:\/\/mltibhyawa8y.i.optimole.com\/cb:mquh.cde\/w:672\/h:938\/q:mauto\/f:best\/dpr:2\/https:\/\/vsklausen.at\/neu\/wp-content\/uploads\/2025\/10\/Jaqueline-Hanisch.jpg 2x\" sizes=\"(max-width: 525px) 100vw, 525px\" \/><\/figure><div class=\"wp-block-media-text__content\">\n<p><strong>Stellvertretende Schriftf\u00fchrerin<\/strong><\/p>\n\n\n\n<p>Jaqueline Hanisch<br>Tel.: 0650 324 2766<br>E-Mail: <a href=\"mailto:jaqueline.hanisch@gmx.at\">jaqueline.hanisch@gmx.at<\/a><\/p>\n<\/div><\/div>\n<\/div>\n<\/div>\n\n\n\n<div class=\"wp-block-columns is-layout-flex wp-container-core-columns-is-layout-9d6595d7 wp-block-columns-is-layout-flex\">\n<div class=\"wp-block-column is-layout-flow wp-block-column-is-layout-flow\">\n<div class=\"wp-block-media-text is-stacked-on-mobile\"><figure class=\"wp-block-media-text__media\"><img data-opt-id=266356516  decoding=\"async\" width=\"770\" height=\"1024\" src=\"https:\/\/mltibhyawa8y.i.optimole.com\/cb:mquh.cde\/w:770\/h:1024\/q:mauto\/f:best\/https:\/\/vsklausen.at\/neu\/wp-content\/uploads\/2025\/10\/Spitzer-20251022-152904.jpg\" alt=\"\" class=\"wp-image-9259 size-full\" srcset=\"https:\/\/mltibhyawa8y.i.optimole.com\/cb:mquh.cde\/w:770\/h:1024\/q:mauto\/f:best\/https:\/\/vsklausen.at\/neu\/wp-content\/uploads\/2025\/10\/Spitzer-20251022-152904.jpg 770w, https:\/\/mltibhyawa8y.i.optimole.com\/cb:mquh.cde\/w:226\/h:300\/q:mauto\/f:best\/https:\/\/vsklausen.at\/neu\/wp-content\/uploads\/2025\/10\/Spitzer-20251022-152904.jpg 226w, https:\/\/mltibhyawa8y.i.optimole.com\/cb:mquh.cde\/w:768\/h:1022\/q:mauto\/f:best\/https:\/\/vsklausen.at\/neu\/wp-content\/uploads\/2025\/10\/Spitzer-20251022-152904.jpg 768w, https:\/\/mltibhyawa8y.i.optimole.com\/cb:mquh.cde\/w:300\/h:400\/q:mauto\/f:best\/https:\/\/vsklausen.at\/neu\/wp-content\/uploads\/2025\/10\/Spitzer-20251022-152904.jpg 300w, https:\/\/mltibhyawa8y.i.optimole.com\/cb:mquh.cde\/w:1155\/h:1536\/q:mauto\/f:best\/https:\/\/vsklausen.at\/neu\/wp-content\/uploads\/2025\/10\/Spitzer-20251022-152904.jpg 1155w, https:\/\/mltibhyawa8y.i.optimole.com\/cb:mquh.cde\/w:1341\/h:1784\/q:mauto\/f:best\/https:\/\/vsklausen.at\/neu\/wp-content\/uploads\/2025\/10\/Spitzer-20251022-152904.jpg 1341w, https:\/\/mltibhyawa8y.i.optimole.com\/cb:mquh.cde\/w:1341\/h:1784\/q:mauto\/f:best\/dpr:2\/https:\/\/vsklausen.at\/neu\/wp-content\/uploads\/2025\/10\/Spitzer-20251022-152904.jpg 2x\" sizes=\"(max-width: 525px) 100vw, 525px\" \/><\/figure><div class=\"wp-block-media-text__content\">\n<p><strong>Rechnungspr\u00fcfer<\/strong><\/p>\n\n\n\n<p>Clemens Spitzer<br>E-Mail: <a href=\"mailto:jaqueline.hanisch@gmx.at\">spitzer.clemens@gmail.com<\/a><br><\/p>\n<\/div><\/div>\n<\/div>\n\n\n\n<div class=\"wp-block-column is-layout-flow wp-block-column-is-layout-flow\">\n<div class=\"wp-block-media-text is-stacked-on-mobile\"><figure class=\"wp-block-media-text__media\"><img data-opt-id=1467786158  decoding=\"async\" width=\"693\" height=\"1024\" src=\"https:\/\/mltibhyawa8y.i.optimole.com\/cb:mquh.cde\/w:693\/h:1024\/q:mauto\/f:best\/https:\/\/vsklausen.at\/neu\/wp-content\/uploads\/2025\/10\/WhatsApp-Image-2025-09-29-at-08.09.46-e1759129091260.jpeg\" alt=\"\" class=\"wp-image-8277 size-full\" srcset=\"https:\/\/mltibhyawa8y.i.optimole.com\/cb:mquh.cde\/w:693\/h:1024\/q:mauto\/f:best\/https:\/\/vsklausen.at\/neu\/wp-content\/uploads\/2025\/10\/WhatsApp-Image-2025-09-29-at-08.09.46-e1759129091260.jpeg 693w, https:\/\/mltibhyawa8y.i.optimole.com\/cb:mquh.cde\/w:203\/h:300\/q:mauto\/f:best\/https:\/\/vsklausen.at\/neu\/wp-content\/uploads\/2025\/10\/WhatsApp-Image-2025-09-29-at-08.09.46-e1759129091260.jpeg 203w, https:\/\/mltibhyawa8y.i.optimole.com\/cb:mquh.cde\/w:768\/h:1135\/q:mauto\/f:best\/https:\/\/vsklausen.at\/neu\/wp-content\/uploads\/2025\/10\/WhatsApp-Image-2025-09-29-at-08.09.46-e1759129091260.jpeg 768w, https:\/\/mltibhyawa8y.i.optimole.com\/cb:mquh.cde\/w:993\/h:1467\/q:mauto\/f:best\/https:\/\/vsklausen.at\/neu\/wp-content\/uploads\/2025\/10\/WhatsApp-Image-2025-09-29-at-08.09.46-e1759129091260.jpeg 993w, https:\/\/mltibhyawa8y.i.optimole.com\/cb:mquh.cde\/w:993\/h:1467\/q:mauto\/f:best\/dpr:2\/https:\/\/vsklausen.at\/neu\/wp-content\/uploads\/2025\/10\/WhatsApp-Image-2025-09-29-at-08.09.46-e1759129091260.jpeg 2x\" sizes=\"(max-width: 525px) 100vw, 525px\" \/><\/figure><div class=\"wp-block-media-text__content\">\n<p><strong>Rechnungspr\u00fcfer<\/strong><br><strong>Stellvertreter<\/strong><\/p>\n\n\n\n<p>Peter Sch\u00fctzenhofer<br>E-Mail: <a href=\"mailto:jaqueline.hanisch@gmx.at\">pet.schuetzenhofer@edumail.at<\/a><\/p>\n<\/div><\/div>\n<\/div>\n<\/div>\n\n\n\n<p>Die Aufgaben des Elternvereins:<\/p>\n\n\n\n<ul class=\"wp-block-list\">\n<li>Enge partnerschaftliche Zusammenarbeit mit Eltern, Schulleiterin und Lehrern um die Unterrichts- und Erziehungsarbeit der Schule positiv zu beeinflussen.<\/li>\n\n\n\n<li>Wir bringen uns in Bezug auf das Schulgeschehen sehr gerne ein.<\/li>\n\n\n\n<li>Beratung der Eltern bei Fragen, die das Schulgeschehen betreffen und deren Interessenvertretung.<\/li>\n\n\n\n<li>Hilfe und Unterst\u00fctzung f\u00fcr bed\u00fcrftige Sch\u00fcler (jedoch keine regelm\u00e4\u00dfige F\u00fcrsorget\u00e4tigkeit)<\/li>\n\n\n\n<li>Gemeinsame Organisation und Durchf\u00fchrung von Festen und Veranstaltungen<\/li>\n<\/ul>\n","protected":false},"excerpt":{"rendered":"<p>Wir freuen uns f\u00fcr Ihre Kinder in diesem Schuljahr aktiv sein zu d\u00fcrfen. F\u00fcr Fragen und Unterst\u00fctzung stehen wir Ihnen jederzeit zur Verf\u00fcgung. Sie k\u00f6nnen&hellip;<\/p>\n","protected":false},"author":1,"featured_media":0,"parent":2868,"menu_order":0,"comment_status":"closed","ping_status":"closed","template":"","meta":{"iawp_total_views":217,"footnotes":""},"class_list":["post-2863","page","type-page","status-publish","hentry"],"_links":{"self":[{"href":"https:\/\/vsklausen.at\/neu\/index.php\/wp-json\/wp\/v2\/pages\/2863","targetHints":{"allow":["GET"]}}],"collection":[{"href":"https:\/\/vsklausen.at\/neu\/index.php\/wp-json\/wp\/v2\/pages"}],"about":[{"href":"https:\/\/vsklausen.at\/neu\/index.php\/wp-json\/wp\/v2\/types\/page"}],"author":[{"embeddable":true,"href":"https:\/\/vsklausen.at\/neu\/index.php\/wp-json\/wp\/v2\/users\/1"}],"replies":[{"embeddable":true,"href":"https:\/\/vsklausen.at\/neu\/index.php\/wp-json\/wp\/v2\/comments?post=2863"}],"version-history":[{"count":10,"href":"https:\/\/vsklausen.at\/neu\/index.php\/wp-json\/wp\/v2\/pages\/2863\/revisions"}],"predecessor-version":[{"id":9292,"href":"https:\/\/vsklausen.at\/neu\/index.php\/wp-json\/wp\/v2\/pages\/2863\/revisions\/9292"}],"up":[{"embeddable":true,"href":"https:\/\/vsklausen.at\/neu\/index.php\/wp-json\/wp\/v2\/pages\/2868"}],"wp:attachment":[{"href":"https:\/\/vsklausen.at\/neu\/index.php\/wp-json\/wp\/v2\/media?parent=2863"}],"curies":[{"name":"wp","href":"https:\/\/api.w.org\/{rel}","templated":true}]}}