    {"id":2868,"date":"2025-10-09T16:06:43","date_gmt":"2025-10-09T14:06:43","guid":{"rendered":"https:\/\/vsklausen.at\/neu\/?page_id=2868"},"modified":"2025-11-16T19:55:52","modified_gmt":"2025-11-16T18:55:52","slug":"unsere-schule","status":"publish","type":"page","link":"https:\/\/vsklausen.at\/neu\/","title":{"rendered":""},"content":{"rendered":"\n<h3 class=\"wp-block-heading\">Wir sind eine kleine aber feine Schule<\/h3>\n\n\n\n<p>In unserem Haus gibt es 4 gro\u00dfe Klassenzimmer, einen eigenen Werkraum, einen Bereich f\u00fcr die Nachmittagsbetreuung mit kleiner K\u00fcche, einen sch\u00f6nen, modernen Turnsaal mit allen wichtigen Ger\u00e4ten f\u00fcr einen abwechslungsreichen Turnunterricht, eine brandneue und gro\u00dfz\u00fcgige Schulbibliothek und einen Computerraum. Das Herzst\u00fcck unserer Schule ist jedoch der wunderbare Garten mit Spielger\u00e4ten zur F\u00f6rderung der Motorik.<\/p>\n\n\n\n<p>Eine famili\u00e4re Atmosph\u00e4re zu schaffen ist unser Ziel, denn unsere Sch\u00fcler sollen gerne in die Schule gehen, Spa\u00df am Lernen haben und sich wohlf\u00fchlen. Dazu geh\u00f6rt nat\u00fcrlich auch die enge Zusammenarbeit mit den Eltern. \u00dcber unseren sehr engagierten Elternverein sind wir sehr gl\u00fccklich. Wir schaffen den Rahmen um Kreativit\u00e4t, Individualit\u00e4t, Selbst\u00e4ndigkeit und Lernbereitschaft zu erm\u00f6glichen und zu f\u00f6rdern.<\/p>\n\n\n<ul data-count=\"7\" class=\"wp-block-gallery alignundefined columns-3 is-cropped\"><li class=\"blocks-gallery-item\"><figure><img data-opt-id=289397947  fetchpriority=\"high\" decoding=\"async\" width=\"2560\" height=\"1920\" src=\"https:\/\/mltibhyawa8y.i.optimole.com\/cb:mquh.cde\/w:auto\/h:auto\/q:mauto\/f:best\/https:\/\/vsklausen.at\/neu\/wp-content\/uploads\/2025\/10\/IMG_8668-scaled.jpg\" alt=\"IMG_8668\" data-id=\"9342\" data-link=\"https:\/\/vsklausen.at\/neu\/img_8668\/\" class=\"wp-image-9342\" srcset=\"https:\/\/mltibhyawa8y.i.optimole.com\/cb:mquh.cde\/w:1920\/h:1440\/q:mauto\/f:best\/https:\/\/vsklausen.at\/neu\/wp-content\/uploads\/2025\/10\/IMG_8668-scaled.jpg 2560w, https:\/\/mltibhyawa8y.i.optimole.com\/cb:mquh.cde\/w:300\/h:225\/q:mauto\/f:best\/https:\/\/vsklausen.at\/neu\/wp-content\/uploads\/2025\/10\/IMG_8668-scaled.jpg 300w, https:\/\/mltibhyawa8y.i.optimole.com\/cb:mquh.cde\/w:1024\/h:768\/q:mauto\/f:best\/https:\/\/vsklausen.at\/neu\/wp-content\/uploads\/2025\/10\/IMG_8668-scaled.jpg 1024w, https:\/\/mltibhyawa8y.i.optimole.com\/cb:mquh.cde\/w:768\/h:576\/q:mauto\/f:best\/https:\/\/vsklausen.at\/neu\/wp-content\/uploads\/2025\/10\/IMG_8668-scaled.jpg 768w, https:\/\/mltibhyawa8y.i.optimole.com\/cb:mquh.cde\/w:1536\/h:1152\/q:mauto\/f:best\/https:\/\/vsklausen.at\/neu\/wp-content\/uploads\/2025\/10\/IMG_8668-scaled.jpg 1536w, https:\/\/mltibhyawa8y.i.optimole.com\/cb:mquh.cde\/w:1920\/h:1440\/q:mauto\/f:best\/https:\/\/vsklausen.at\/neu\/wp-content\/uploads\/2025\/10\/IMG_8668-scaled.jpg 2048w, https:\/\/mltibhyawa8y.i.optimole.com\/cb:mquh.cde\/w:600\/h:450\/q:mauto\/f:best\/https:\/\/vsklausen.at\/neu\/wp-content\/uploads\/2025\/10\/IMG_8668-scaled.jpg 600w, https:\/\/mltibhyawa8y.i.optimole.com\/cb:mquh.cde\/w:1920\/h:1440\/q:mauto\/f:best\/dpr:2\/https:\/\/vsklausen.at\/neu\/wp-content\/uploads\/2025\/10\/IMG_8668-scaled.jpg 2x\" sizes=\"(max-width: 525px) 100vw, 525px\" \/><\/figure><\/li><li class=\"blocks-gallery-item\"><figure><img data-opt-id=761890217  fetchpriority=\"high\" decoding=\"async\" width=\"1920\" height=\"2560\" src=\"https:\/\/mltibhyawa8y.i.optimole.com\/cb:mquh.cde\/w:auto\/h:auto\/q:mauto\/f:best\/https:\/\/vsklausen.at\/neu\/wp-content\/uploads\/2025\/10\/IMG_8667-scaled.jpg\" alt=\"IMG_8667\" data-id=\"9341\" data-link=\"https:\/\/vsklausen.at\/neu\/img_8667-3\/\" class=\"wp-image-9341\" srcset=\"https:\/\/mltibhyawa8y.i.optimole.com\/cb:mquh.cde\/w:1920\/h:2560\/q:mauto\/f:best\/https:\/\/vsklausen.at\/neu\/wp-content\/uploads\/2025\/10\/IMG_8667-scaled.jpg 1920w, https:\/\/mltibhyawa8y.i.optimole.com\/cb:mquh.cde\/w:225\/h:300\/q:mauto\/f:best\/https:\/\/vsklausen.at\/neu\/wp-content\/uploads\/2025\/10\/IMG_8667-scaled.jpg 225w, https:\/\/mltibhyawa8y.i.optimole.com\/cb:mquh.cde\/w:768\/h:1024\/q:mauto\/f:best\/https:\/\/vsklausen.at\/neu\/wp-content\/uploads\/2025\/10\/IMG_8667-scaled.jpg 768w, https:\/\/mltibhyawa8y.i.optimole.com\/cb:mquh.cde\/w:300\/h:400\/q:mauto\/f:best\/https:\/\/vsklausen.at\/neu\/wp-content\/uploads\/2025\/10\/IMG_8667-scaled.jpg 300w, https:\/\/mltibhyawa8y.i.optimole.com\/cb:mquh.cde\/w:1152\/h:1536\/q:mauto\/f:best\/https:\/\/vsklausen.at\/neu\/wp-content\/uploads\/2025\/10\/IMG_8667-scaled.jpg 1152w, https:\/\/mltibhyawa8y.i.optimole.com\/cb:mquh.cde\/w:1536\/h:2048\/q:mauto\/f:best\/https:\/\/vsklausen.at\/neu\/wp-content\/uploads\/2025\/10\/IMG_8667-scaled.jpg 1536w, https:\/\/mltibhyawa8y.i.optimole.com\/cb:mquh.cde\/w:1920\/h:2560\/q:mauto\/f:best\/dpr:2\/https:\/\/vsklausen.at\/neu\/wp-content\/uploads\/2025\/10\/IMG_8667-scaled.jpg 2x\" sizes=\"(max-width: 525px) 100vw, 525px\" \/><\/figure><\/li><li class=\"blocks-gallery-item\"><figure><img data-opt-id=613490978  decoding=\"async\" width=\"1920\" height=\"2560\" src=\"https:\/\/mltibhyawa8y.i.optimole.com\/cb:mquh.cde\/w:auto\/h:auto\/q:mauto\/f:best\/https:\/\/vsklausen.at\/neu\/wp-content\/uploads\/2025\/10\/IMG_8666-scaled.jpg\" alt=\"IMG_8666\" data-id=\"9340\" data-link=\"https:\/\/vsklausen.at\/neu\/img_8666-2\/\" class=\"wp-image-9340\" srcset=\"https:\/\/mltibhyawa8y.i.optimole.com\/cb:mquh.cde\/w:1920\/h:2560\/q:mauto\/f:best\/https:\/\/vsklausen.at\/neu\/wp-content\/uploads\/2025\/10\/IMG_8666-scaled.jpg 1920w, https:\/\/mltibhyawa8y.i.optimole.com\/cb:mquh.cde\/w:225\/h:300\/q:mauto\/f:best\/https:\/\/vsklausen.at\/neu\/wp-content\/uploads\/2025\/10\/IMG_8666-scaled.jpg 225w, https:\/\/mltibhyawa8y.i.optimole.com\/cb:mquh.cde\/w:768\/h:1024\/q:mauto\/f:best\/https:\/\/vsklausen.at\/neu\/wp-content\/uploads\/2025\/10\/IMG_8666-scaled.jpg 768w, https:\/\/mltibhyawa8y.i.optimole.com\/cb:mquh.cde\/w:300\/h:400\/q:mauto\/f:best\/https:\/\/vsklausen.at\/neu\/wp-content\/uploads\/2025\/10\/IMG_8666-scaled.jpg 300w, https:\/\/mltibhyawa8y.i.optimole.com\/cb:mquh.cde\/w:1152\/h:1536\/q:mauto\/f:best\/https:\/\/vsklausen.at\/neu\/wp-content\/uploads\/2025\/10\/IMG_8666-scaled.jpg 1152w, https:\/\/mltibhyawa8y.i.optimole.com\/cb:mquh.cde\/w:1536\/h:2048\/q:mauto\/f:best\/https:\/\/vsklausen.at\/neu\/wp-content\/uploads\/2025\/10\/IMG_8666-scaled.jpg 1536w, https:\/\/mltibhyawa8y.i.optimole.com\/cb:mquh.cde\/w:1920\/h:2560\/q:mauto\/f:best\/dpr:2\/https:\/\/vsklausen.at\/neu\/wp-content\/uploads\/2025\/10\/IMG_8666-scaled.jpg 2x\" sizes=\"(max-width: 525px) 100vw, 525px\" \/><\/figure><\/li><li class=\"blocks-gallery-item\"><figure><img data-opt-id=877143505  decoding=\"async\" width=\"2560\" height=\"1920\" src=\"https:\/\/mltibhyawa8y.i.optimole.com\/cb:mquh.cde\/w:auto\/h:auto\/q:mauto\/f:best\/https:\/\/vsklausen.at\/neu\/wp-content\/uploads\/2025\/10\/IMG_8665-scaled.jpg\" alt=\"IMG_8665\" data-id=\"9339\" data-link=\"https:\/\/vsklausen.at\/neu\/img_8665\/\" class=\"wp-image-9339\" srcset=\"https:\/\/mltibhyawa8y.i.optimole.com\/cb:mquh.cde\/w:1920\/h:1440\/q:mauto\/f:best\/https:\/\/vsklausen.at\/neu\/wp-content\/uploads\/2025\/10\/IMG_8665-scaled.jpg 2560w, https:\/\/mltibhyawa8y.i.optimole.com\/cb:mquh.cde\/w:300\/h:225\/q:mauto\/f:best\/https:\/\/vsklausen.at\/neu\/wp-content\/uploads\/2025\/10\/IMG_8665-scaled.jpg 300w, https:\/\/mltibhyawa8y.i.optimole.com\/cb:mquh.cde\/w:1024\/h:768\/q:mauto\/f:best\/https:\/\/vsklausen.at\/neu\/wp-content\/uploads\/2025\/10\/IMG_8665-scaled.jpg 1024w, https:\/\/mltibhyawa8y.i.optimole.com\/cb:mquh.cde\/w:768\/h:576\/q:mauto\/f:best\/https:\/\/vsklausen.at\/neu\/wp-content\/uploads\/2025\/10\/IMG_8665-scaled.jpg 768w, https:\/\/mltibhyawa8y.i.optimole.com\/cb:mquh.cde\/w:1536\/h:1152\/q:mauto\/f:best\/https:\/\/vsklausen.at\/neu\/wp-content\/uploads\/2025\/10\/IMG_8665-scaled.jpg 1536w, https:\/\/mltibhyawa8y.i.optimole.com\/cb:mquh.cde\/w:1920\/h:1440\/q:mauto\/f:best\/https:\/\/vsklausen.at\/neu\/wp-content\/uploads\/2025\/10\/IMG_8665-scaled.jpg 2048w, https:\/\/mltibhyawa8y.i.optimole.com\/cb:mquh.cde\/w:600\/h:450\/q:mauto\/f:best\/https:\/\/vsklausen.at\/neu\/wp-content\/uploads\/2025\/10\/IMG_8665-scaled.jpg 600w, https:\/\/mltibhyawa8y.i.optimole.com\/cb:mquh.cde\/w:1920\/h:1440\/q:mauto\/f:best\/dpr:2\/https:\/\/vsklausen.at\/neu\/wp-content\/uploads\/2025\/10\/IMG_8665-scaled.jpg 2x\" sizes=\"(max-width: 525px) 100vw, 525px\" \/><\/figure><\/li><li class=\"blocks-gallery-item\"><figure><img data-opt-id=1657189628  decoding=\"async\" width=\"1920\" height=\"2560\" src=\"https:\/\/mltibhyawa8y.i.optimole.com\/cb:mquh.cde\/w:auto\/h:auto\/q:mauto\/f:best\/https:\/\/vsklausen.at\/neu\/wp-content\/uploads\/2025\/10\/IMG_8664-scaled.jpg\" alt=\"IMG_8664\" data-id=\"9338\" data-link=\"https:\/\/vsklausen.at\/neu\/img_8664\/\" class=\"wp-image-9338\" srcset=\"https:\/\/mltibhyawa8y.i.optimole.com\/cb:mquh.cde\/w:1920\/h:2560\/q:mauto\/f:best\/https:\/\/vsklausen.at\/neu\/wp-content\/uploads\/2025\/10\/IMG_8664-scaled.jpg 1920w, https:\/\/mltibhyawa8y.i.optimole.com\/cb:mquh.cde\/w:225\/h:300\/q:mauto\/f:best\/https:\/\/vsklausen.at\/neu\/wp-content\/uploads\/2025\/10\/IMG_8664-scaled.jpg 225w, https:\/\/mltibhyawa8y.i.optimole.com\/cb:mquh.cde\/w:768\/h:1024\/q:mauto\/f:best\/https:\/\/vsklausen.at\/neu\/wp-content\/uploads\/2025\/10\/IMG_8664-scaled.jpg 768w, https:\/\/mltibhyawa8y.i.optimole.com\/cb:mquh.cde\/w:300\/h:400\/q:mauto\/f:best\/https:\/\/vsklausen.at\/neu\/wp-content\/uploads\/2025\/10\/IMG_8664-scaled.jpg 300w, https:\/\/mltibhyawa8y.i.optimole.com\/cb:mquh.cde\/w:1152\/h:1536\/q:mauto\/f:best\/https:\/\/vsklausen.at\/neu\/wp-content\/uploads\/2025\/10\/IMG_8664-scaled.jpg 1152w, https:\/\/mltibhyawa8y.i.optimole.com\/cb:mquh.cde\/w:1536\/h:2048\/q:mauto\/f:best\/https:\/\/vsklausen.at\/neu\/wp-content\/uploads\/2025\/10\/IMG_8664-scaled.jpg 1536w, https:\/\/mltibhyawa8y.i.optimole.com\/cb:mquh.cde\/w:1920\/h:2560\/q:mauto\/f:best\/dpr:2\/https:\/\/vsklausen.at\/neu\/wp-content\/uploads\/2025\/10\/IMG_8664-scaled.jpg 2x\" sizes=\"(max-width: 525px) 100vw, 525px\" \/><\/figure><\/li><li class=\"blocks-gallery-item\"><figure><img data-opt-id=166938220  decoding=\"async\" width=\"1920\" height=\"2560\" src=\"https:\/\/mltibhyawa8y.i.optimole.com\/cb:mquh.cde\/w:auto\/h:auto\/q:mauto\/f:best\/https:\/\/vsklausen.at\/neu\/wp-content\/uploads\/2025\/10\/IMG_8663-scaled.jpg\" alt=\"IMG_8663\" data-id=\"9337\" data-link=\"https:\/\/vsklausen.at\/neu\/img_8663\/\" class=\"wp-image-9337\" srcset=\"https:\/\/mltibhyawa8y.i.optimole.com\/cb:mquh.cde\/w:1920\/h:2560\/q:mauto\/f:best\/https:\/\/vsklausen.at\/neu\/wp-content\/uploads\/2025\/10\/IMG_8663-scaled.jpg 1920w, https:\/\/mltibhyawa8y.i.optimole.com\/cb:mquh.cde\/w:225\/h:300\/q:mauto\/f:best\/https:\/\/vsklausen.at\/neu\/wp-content\/uploads\/2025\/10\/IMG_8663-scaled.jpg 225w, https:\/\/mltibhyawa8y.i.optimole.com\/cb:mquh.cde\/w:768\/h:1024\/q:mauto\/f:best\/https:\/\/vsklausen.at\/neu\/wp-content\/uploads\/2025\/10\/IMG_8663-scaled.jpg 768w, https:\/\/mltibhyawa8y.i.optimole.com\/cb:mquh.cde\/w:300\/h:400\/q:mauto\/f:best\/https:\/\/vsklausen.at\/neu\/wp-content\/uploads\/2025\/10\/IMG_8663-scaled.jpg 300w, https:\/\/mltibhyawa8y.i.optimole.com\/cb:mquh.cde\/w:1152\/h:1536\/q:mauto\/f:best\/https:\/\/vsklausen.at\/neu\/wp-content\/uploads\/2025\/10\/IMG_8663-scaled.jpg 1152w, https:\/\/mltibhyawa8y.i.optimole.com\/cb:mquh.cde\/w:1536\/h:2048\/q:mauto\/f:best\/https:\/\/vsklausen.at\/neu\/wp-content\/uploads\/2025\/10\/IMG_8663-scaled.jpg 1536w, https:\/\/mltibhyawa8y.i.optimole.com\/cb:mquh.cde\/w:1920\/h:2560\/q:mauto\/f:best\/dpr:2\/https:\/\/vsklausen.at\/neu\/wp-content\/uploads\/2025\/10\/IMG_8663-scaled.jpg 2x\" sizes=\"(max-width: 525px) 100vw, 525px\" \/><\/figure><\/li><li class=\"blocks-gallery-item\"><figure><img data-opt-id=1945398842  decoding=\"async\" width=\"1920\" height=\"2560\" src=\"https:\/\/mltibhyawa8y.i.optimole.com\/cb:mquh.cde\/w:auto\/h:auto\/q:mauto\/f:best\/https:\/\/vsklausen.at\/neu\/wp-content\/uploads\/2025\/10\/IMG_8662-scaled.jpg\" alt=\"IMG_8662\" data-id=\"9336\" data-link=\"https:\/\/vsklausen.at\/neu\/img_8662\/\" class=\"wp-image-9336\" srcset=\"https:\/\/mltibhyawa8y.i.optimole.com\/cb:mquh.cde\/w:1920\/h:2560\/q:mauto\/f:best\/https:\/\/vsklausen.at\/neu\/wp-content\/uploads\/2025\/10\/IMG_8662-scaled.jpg 1920w, https:\/\/mltibhyawa8y.i.optimole.com\/cb:mquh.cde\/w:225\/h:300\/q:mauto\/f:best\/https:\/\/vsklausen.at\/neu\/wp-content\/uploads\/2025\/10\/IMG_8662-scaled.jpg 225w, https:\/\/mltibhyawa8y.i.optimole.com\/cb:mquh.cde\/w:768\/h:1024\/q:mauto\/f:best\/https:\/\/vsklausen.at\/neu\/wp-content\/uploads\/2025\/10\/IMG_8662-scaled.jpg 768w, https:\/\/mltibhyawa8y.i.optimole.com\/cb:mquh.cde\/w:300\/h:400\/q:mauto\/f:best\/https:\/\/vsklausen.at\/neu\/wp-content\/uploads\/2025\/10\/IMG_8662-scaled.jpg 300w, https:\/\/mltibhyawa8y.i.optimole.com\/cb:mquh.cde\/w:1152\/h:1536\/q:mauto\/f:best\/https:\/\/vsklausen.at\/neu\/wp-content\/uploads\/2025\/10\/IMG_8662-scaled.jpg 1152w, https:\/\/mltibhyawa8y.i.optimole.com\/cb:mquh.cde\/w:1536\/h:2048\/q:mauto\/f:best\/https:\/\/vsklausen.at\/neu\/wp-content\/uploads\/2025\/10\/IMG_8662-scaled.jpg 1536w, https:\/\/mltibhyawa8y.i.optimole.com\/cb:mquh.cde\/w:1920\/h:2560\/q:mauto\/f:best\/dpr:2\/https:\/\/vsklausen.at\/neu\/wp-content\/uploads\/2025\/10\/IMG_8662-scaled.jpg 2x\" sizes=\"(max-width: 525px) 100vw, 525px\" \/><\/figure><\/li><\/ul>","protected":false},"excerpt":{"rendered":"<p>Wir sind eine kleine aber feine Schule In unserem Haus gibt es 4 gro\u00dfe Klassenzimmer, einen eigenen Werkraum, einen Bereich f\u00fcr die Nachmittagsbetreuung mit kleiner&hellip;<\/p>\n","protected":false},"author":1,"featured_media":8643,"parent":0,"menu_order":0,"comment_status":"closed","ping_status":"closed","template":"","meta":{"iawp_total_views":2048,"footnotes":""},"class_list":["post-2868","page","type-page","status-publish","has-post-thumbnail","hentry"],"_links":{"self":[{"href":"https:\/\/vsklausen.at\/neu\/index.php\/wp-json\/wp\/v2\/pages\/2868","targetHints":{"allow":["GET"]}}],"collection":[{"href":"https:\/\/vsklausen.at\/neu\/index.php\/wp-json\/wp\/v2\/pages"}],"about":[{"href":"https:\/\/vsklausen.at\/neu\/index.php\/wp-json\/wp\/v2\/types\/page"}],"author":[{"embeddable":true,"href":"https:\/\/vsklausen.at\/neu\/index.php\/wp-json\/wp\/v2\/users\/1"}],"replies":[{"embeddable":true,"href":"https:\/\/vsklausen.at\/neu\/index.php\/wp-json\/wp\/v2\/comments?post=2868"}],"version-history":[{"count":11,"href":"https:\/\/vsklausen.at\/neu\/index.php\/wp-json\/wp\/v2\/pages\/2868\/revisions"}],"predecessor-version":[{"id":9356,"href":"https:\/\/vsklausen.at\/neu\/index.php\/wp-json\/wp\/v2\/pages\/2868\/revisions\/9356"}],"wp:featuredmedia":[{"embeddable":true,"href":"https:\/\/vsklausen.at\/neu\/index.php\/wp-json\/wp\/v2\/media\/8643"}],"wp:attachment":[{"href":"https:\/\/vsklausen.at\/neu\/index.php\/wp-json\/wp\/v2\/media?parent=2868"}],"curies":[{"name":"wp","href":"https:\/\/api.w.org\/{rel}","templated":true}]}}