    {"id":9398,"date":"2025-11-12T09:52:07","date_gmt":"2025-11-12T08:52:07","guid":{"rendered":"https:\/\/vsklausen.at\/neu\/?page_id=9398"},"modified":"2025-11-12T09:52:07","modified_gmt":"2025-11-12T08:52:07","slug":"impressum","status":"publish","type":"page","link":"https:\/\/vsklausen.at\/neu\/index.php\/impressum\/","title":{"rendered":"Impressum"},"content":{"rendered":"\n<h3 class=\"wp-block-heading\">Herausgeber<\/h3>\n\n\n\n<h4 class=\"wp-block-heading\">Alexandra Grasel, BEd<\/h4>\n\n\n\n<h3 class=\"wp-block-heading\">Volksschule Klausen-Leopoldsdorf<\/h3>\n\n\n\n<p>2533 Klausen-Leopoldsdorf Nr. 81<br>Tel.: 02257\/273Schulleitung: 0660 64 33 612<br>Email: vs.klausen-leopoldsdorf@noeschule.at<\/p>\n\n\n\n<h3 class=\"wp-block-heading\">Ausrichtung<\/h3>\n\n\n\n<p>Information \u00fcber Aktivit\u00e4ten der Schule.<\/p>\n\n\n\n<h3 class=\"wp-block-heading\">Haftungsausschluss<\/h3>\n\n\n\n<p>Die VS Klausen-Leopoldsdorf ermittelt Informationen und Daten mit gro\u00dfer Sorgfalt und stellt sie dem Website-Benutzerzur Verf\u00fcgung. Dessen ungeachtet kann keine Garantie f\u00fcr Richtigkeit, Vollst\u00e4ndigkeit und Aktualit\u00e4t der Angaben \u00fcbernommen werden. Jede Haftung ist ausgeschlossen. Alle Informationen werden ohne Gew\u00e4hr bereitgestellt. Fehler und Irrt\u00fcmer werden nach bekanntwerden sorasch wie  m\u00f6glich korrigiert. Auf Grund von St\u00f6rungen durch technische Probleme kannes zu Ausf\u00e4llen des Online-Services kommen. Wir \u00fcbernehmen keinerlei Haftungoder Gew\u00e4hrleistung, dass unser Dienst nicht unterbrochen oder durch St\u00f6rungen beeintr\u00e4chtigt wird. Es wird auf externe Websites verlinkt und es wird keinerlei Gew\u00e4hr f\u00fcr die Richtigkeit oder das Funktionieren von URL\u2019s (Website-Links) und Mailadressen geleistet. Weiters wird keine Haftung f\u00fcr Informationen von Websites auf die verlinkt wird \u00fcbernommen. Sollte eine der Seiten, auf die verwiesen wird, bedenkliche Inhalte aufweisen, wird um Mitteilung ersucht \u2013 in so einem Fall wird der Link sofort gel\u00f6scht.<\/p>\n\n\n\n<h2 class=\"wp-block-heading\">Copyright<\/h2>\n\n\n\n<p>S\u00e4mtliche Texte, Grafiken und Bilder sind urheberrechtlich gesch\u00fctzt, eineVerwendung ist nur mit ausdr\u00fccklicher Genehmigung der VS Klausen-Leopoldsdorf oder dem jeweiligen Eigent\u00fcmer zul\u00e4ssig.<\/p>\n\n\n\n<h2 class=\"wp-block-heading\">Links<\/h2>\n\n\n\n<p>Links auf diese Website sind erw\u00fcnscht, so weit sie als externe Links gef\u00fchrt werden und jeweils ganze Seiten (inkl.Navigationsframe) wiedergegeben werden. Eine \u00dcbernahme des Hauptfensters in einen Frame des Linksetzers ist unzul\u00e4ssig. Eigene Links auf fremde Seiten stellen nur Wegweiser zu diesen Seiten dar, sie werden deshalb regelm\u00e4\u00dfig mittels externem Link in einem eigenen Browserfenster dargestellt. Der Herausgeber identifiziert sich nicht mit dem Inhalt der Seiten, auf die verwiesen wird und \u00fcbernimmt daf\u00fcr keine Haftung<\/p>\n","protected":false},"excerpt":{"rendered":"<p>Herausgeber Alexandra Grasel, BEd Volksschule Klausen-Leopoldsdorf 2533 Klausen-Leopoldsdorf Nr. 81Tel.: 02257\/273Schulleitung: 0660 64 33 612Email: vs.klausen-leopoldsdorf@noeschule.at Ausrichtung Information \u00fcber Aktivit\u00e4ten der Schule. Haftungsausschluss Die VS&hellip;<\/p>\n","protected":false},"author":1,"featured_media":0,"parent":0,"menu_order":0,"comment_status":"closed","ping_status":"closed","template":"","meta":{"iawp_total_views":12,"footnotes":""},"class_list":["post-9398","page","type-page","status-publish","hentry"],"_links":{"self":[{"href":"https:\/\/vsklausen.at\/neu\/index.php\/wp-json\/wp\/v2\/pages\/9398","targetHints":{"allow":["GET"]}}],"collection":[{"href":"https:\/\/vsklausen.at\/neu\/index.php\/wp-json\/wp\/v2\/pages"}],"about":[{"href":"https:\/\/vsklausen.at\/neu\/index.php\/wp-json\/wp\/v2\/types\/page"}],"author":[{"embeddable":true,"href":"https:\/\/vsklausen.at\/neu\/index.php\/wp-json\/wp\/v2\/users\/1"}],"replies":[{"embeddable":true,"href":"https:\/\/vsklausen.at\/neu\/index.php\/wp-json\/wp\/v2\/comments?post=9398"}],"version-history":[{"count":3,"href":"https:\/\/vsklausen.at\/neu\/index.php\/wp-json\/wp\/v2\/pages\/9398\/revisions"}],"predecessor-version":[{"id":9402,"href":"https:\/\/vsklausen.at\/neu\/index.php\/wp-json\/wp\/v2\/pages\/9398\/revisions\/9402"}],"wp:attachment":[{"href":"https:\/\/vsklausen.at\/neu\/index.php\/wp-json\/wp\/v2\/media?parent=9398"}],"curies":[{"name":"wp","href":"https:\/\/api.w.org\/{rel}","templated":true}]}}